{"id":899,"date":"2021-12-05T15:55:59","date_gmt":"2021-12-05T15:55:59","guid":{"rendered":"https:\/\/boxgymnasium.de\/?page_id=899"},"modified":"2025-08-27T09:36:35","modified_gmt":"2025-08-27T09:36:35","slug":"kindertraining-heidelberg","status":"publish","type":"page","link":"https:\/\/boxgymnasium.de\/en\/kindertraining-heidelberg\/","title":{"rendered":"Kindertraining Heidelberg"},"content":{"rendered":"<div data-elementor-type=\"wp-page\" data-elementor-id=\"899\" class=\"elementor elementor-899\" data-elementor-post-type=\"page\">\n\t\t\t\t\t\t<section class=\"elementor-section elementor-top-section elementor-element elementor-element-67b2739 elementor-section-height-min-height elementor-section-items-bottom elementor-section-stretched elementor-section-boxed elementor-section-height-default\" data-id=\"67b2739\" data-element_type=\"section\" data-settings=\"{&quot;background_background&quot;:&quot;classic&quot;,&quot;stretch_section&quot;:&quot;section-stretched&quot;}\">\n\t\t\t\t\t\t<div class=\"elementor-container elementor-column-gap-default\">\n\t\t\t\t\t<div class=\"elementor-column elementor-col-100 elementor-top-column elementor-element elementor-element-d5e430b\" data-id=\"d5e430b\" data-element_type=\"column\">\n\t\t\t<div class=\"elementor-widget-wrap elementor-element-populated\">\n\t\t\t\t\t\t<div class=\"elementor-element elementor-element-e48b145 elementor-invisible elementor-widget elementor-widget-button\" data-id=\"e48b145\" data-element_type=\"widget\" data-settings=\"{&quot;_animation&quot;:&quot;slideInUp&quot;,&quot;_animation_tablet&quot;:&quot;none&quot;,&quot;_animation_mobile&quot;:&quot;none&quot;}\" data-widget_type=\"button.default\">\n\t\t\t\t<div class=\"elementor-widget-container\">\n\t\t\t\t\t\t\t\t\t<div class=\"elementor-button-wrapper\">\n\t\t\t\t\t<a class=\"elementor-button elementor-button-link elementor-size-sm\" href=\"https:\/\/boxgymnasium.de\/en\/start-3\/\">\n\t\t\t\t\t\t<span class=\"elementor-button-content-wrapper\">\n\t\t\t\t\t\t<span class=\"elementor-button-icon\">\n\t\t\t\t<i aria-hidden=\"true\" class=\"vamtamtheme- vamtam-theme-arrow-right\"><\/i>\t\t\t<\/span>\n\t\t\t\t\t\t\t\t\t<span class=\"elementor-button-text\">zum Probetraining<\/span>\n\t\t\t\t\t<\/span>\n\t\t\t\t\t<\/a>\n\t\t\t\t<\/div>\n\t\t\t\t\t\t\t\t<\/div>\n\t\t\t\t<\/div>\n\t\t\t\t\t<\/div>\n\t\t<\/div>\n\t\t\t\t\t<\/div>\n\t\t<\/section>\n\t\t\t\t<section class=\"elementor-section elementor-top-section elementor-element elementor-element-5b93e52 elementor-section-boxed elementor-section-height-default elementor-section-height-default\" data-id=\"5b93e52\" data-element_type=\"section\">\n\t\t\t\t\t\t<div class=\"elementor-container elementor-column-gap-no\">\n\t\t\t\t\t<div class=\"elementor-column elementor-col-33 elementor-top-column elementor-element elementor-element-6b3ddcf\" data-id=\"6b3ddcf\" data-element_type=\"column\">\n\t\t\t<div class=\"elementor-widget-wrap elementor-element-populated\">\n\t\t\t\t\t\t<div class=\"elementor-element elementor-element-493ff4f elementor-invisible elementor-widget elementor-widget-heading\" data-id=\"493ff4f\" data-element_type=\"widget\" data-settings=\"{&quot;_animation&quot;:&quot;zoomIn&quot;,&quot;_animation_tablet&quot;:&quot;none&quot;,&quot;_animation_mobile&quot;:&quot;none&quot;}\" data-widget_type=\"heading.default\">\n\t\t\t\t<div class=\"elementor-widget-container\">\n\t\t\t\t\t<h3 class=\"elementor-heading-title elementor-size-default\"><br><br>Ziel von Kampfsport<\/h3>\t\t\t\t<\/div>\n\t\t\t\t<\/div>\n\t\t\t\t<div class=\"elementor-element elementor-element-7165b01 elementor-widget elementor-widget-text-editor\" data-id=\"7165b01\" data-element_type=\"widget\" data-widget_type=\"text-editor.default\">\n\t\t\t\t<div class=\"elementor-widget-container\">\n\t\t\t\t\t\t\t\t\t<p>Ziel des Kampfsports ist es, den Kindern friedliche, gewaltfreie Konfliktl\u00f6sungsf\u00e4higkeiten zu vermitteln und ihnen zu helfen, Wege zu finden, um k\u00f6rperliche Auseinandersetzungen zu vermeiden. Kampfsport hat Kindern viel zu bieten. Sie werden aktiv und lernen, selbstbewusst, friedlich und konzentriert zu sein. Und wenn Ihr Kind es liebt, kann es bis ins Erwachsenenalter weitertrainieren und von denselben Vorteilen profitieren.<\/p>\t\t\t\t\t\t\t\t<\/div>\n\t\t\t\t<\/div>\n\t\t\t\t\t<\/div>\n\t\t<\/div>\n\t\t\t\t<div class=\"elementor-column elementor-col-33 elementor-top-column elementor-element elementor-element-7f8c0a0 elementor-hidden-phone\" data-id=\"7f8c0a0\" data-element_type=\"column\">\n\t\t\t<div class=\"elementor-widget-wrap\">\n\t\t\t\t\t\t\t<\/div>\n\t\t<\/div>\n\t\t\t\t<div class=\"elementor-column elementor-col-33 elementor-top-column elementor-element elementor-element-7c41d8b\" data-id=\"7c41d8b\" data-element_type=\"column\" data-settings=\"{&quot;background_background&quot;:&quot;classic&quot;}\">\n\t\t\t<div class=\"elementor-widget-wrap elementor-element-populated\">\n\t\t\t\t\t\t<div class=\"elementor-element elementor-element-d8cff7b elementor-widget elementor-widget-spacer\" data-id=\"d8cff7b\" data-element_type=\"widget\" data-widget_type=\"spacer.default\">\n\t\t\t\t<div class=\"elementor-widget-container\">\n\t\t\t\t\t\t\t<div class=\"elementor-spacer\">\n\t\t\t<div class=\"elementor-spacer-inner\"><\/div>\n\t\t<\/div>\n\t\t\t\t\t\t<\/div>\n\t\t\t\t<\/div>\n\t\t\t\t\t<\/div>\n\t\t<\/div>\n\t\t\t\t\t<\/div>\n\t\t<\/section>\n\t\t\t\t<section class=\"elementor-section elementor-top-section elementor-element elementor-element-c6a28a4 elementor-section-boxed elementor-section-height-default elementor-section-height-default\" data-id=\"c6a28a4\" data-element_type=\"section\" data-settings=\"{&quot;background_background&quot;:&quot;classic&quot;}\">\n\t\t\t\t\t\t<div class=\"elementor-container elementor-column-gap-default\">\n\t\t\t\t\t<div class=\"elementor-column elementor-col-100 elementor-top-column elementor-element elementor-element-e4ab0bd\" data-id=\"e4ab0bd\" data-element_type=\"column\">\n\t\t\t<div class=\"elementor-widget-wrap elementor-element-populated\">\n\t\t\t\t\t\t<div class=\"elementor-element elementor-element-97883b6 elementor-widget-tablet__width-initial elementor-widget elementor-widget-heading\" data-id=\"97883b6\" data-element_type=\"widget\" data-widget_type=\"heading.default\">\n\t\t\t\t<div class=\"elementor-widget-container\">\n\t\t\t\t\t<span class=\"elementor-heading-title elementor-size-default\">Wir fangen fr\u00fch damit an, uns mit den Kindern zu besch\u00e4ftigen und ihnen durch spielerischer Art auf Augenh\u00f6he diese St\u00e4rken vorzuleben und beizubringen.\n<\/span>\t\t\t\t<\/div>\n\t\t\t\t<\/div>\n\t\t\t\t\t<\/div>\n\t\t<\/div>\n\t\t\t\t\t<\/div>\n\t\t<\/section>\n\t\t\t\t<section class=\"elementor-section elementor-top-section elementor-element elementor-element-3fcf501 elementor-section-boxed elementor-section-height-default elementor-section-height-default\" data-id=\"3fcf501\" data-element_type=\"section\" data-settings=\"{&quot;background_background&quot;:&quot;classic&quot;}\">\n\t\t\t\t\t\t<div class=\"elementor-container elementor-column-gap-default\">\n\t\t\t\t\t<div class=\"elementor-column elementor-col-100 elementor-top-column elementor-element elementor-element-2948e41\" data-id=\"2948e41\" data-element_type=\"column\">\n\t\t\t<div class=\"elementor-widget-wrap elementor-element-populated\">\n\t\t\t\t\t\t<div class=\"elementor-element elementor-element-5e0b309 elementor-invisible elementor-widget elementor-widget-heading\" data-id=\"5e0b309\" data-element_type=\"widget\" data-settings=\"{&quot;_animation&quot;:&quot;zoomIn&quot;,&quot;_animation_tablet&quot;:&quot;none&quot;,&quot;_animation_mobile&quot;:&quot;none&quot;}\" data-widget_type=\"heading.default\">\n\t\t\t\t<div class=\"elementor-widget-container\">\n\t\t\t\t\t<h3 class=\"elementor-heading-title elementor-size-default\">Vorteile von Kampfsport (und sport f\u00fcr Kinder allgemein)<\/h3>\t\t\t\t<\/div>\n\t\t\t\t<\/div>\n\t\t\t\t<div class=\"elementor-element elementor-element-8a66ceb elementor-widget elementor-widget-text-editor\" data-id=\"8a66ceb\" data-element_type=\"widget\" data-widget_type=\"text-editor.default\">\n\t\t\t\t<div class=\"elementor-widget-container\">\n\t\t\t\t\t\t\t\t\t<p>1. Selbstverteidigung und Sicherheit:<br \/>Beim Kickboxen lernen Kinder grundlegende Selbstverteidigungstechniken in einer kontrollierten Umgebung mit geschulten Trainern. Die Absicht ist, diese Techniken nur dann anzuwenden, wenn es absolut notwendig ist. Aber diese F\u00e4higkeiten f\u00fchren zu weiteren k\u00f6rperlichen und geistigen Vorteilen.<br \/><br \/>2. Ganzk\u00f6rperliche Fitness<br \/>Der ganze K\u00f6rper wird beansprucht weil man st\u00e4ndig in Bewegung bleibt. All diese Bewegung verbessert die Fitness und Gesundheit eines Kindes und bietet gleichzeitig ein Ventil f\u00fcr \u00fcbersch\u00fcssige Energie.<br \/><br \/>3. Verbesserte k\u00f6rperliche Fertigkeiten<br \/>Gleichzeitig verbessern die Kinder ihre sportlichen F\u00e4higkeiten, die ihnen helfen, sich schnell zu bewegen und zu reagieren, die Richtung zu wechseln und ihre Bewegungen zu koordinieren. Durch das Training und die \u00dcbung entwickeln die Kinder auch Flexibilit\u00e4t und Gleichgewicht.<br \/><br \/>4. Starke mentale F\u00e4higkeiten<br \/>Kampfsport ist auch eine gro\u00dfartige Aktivit\u00e4t f\u00fcr Kinder, weil es ihnen hilft, mentale F\u00e4higkeiten wie Ausdauer, Engagement, Mut, Strategie, Selbstvertrauen, Konzentration und Kontrolle zu entwickeln. Sie \u00fcben auch den Prozess, durch pers\u00f6nliche Verbesserung und harte Arbeit auf ein Ziel hinzuarbeiten.<br \/><br \/>5. Spa\u00df!<br \/>Es stimmt zwar, dass Kampfsport viele Vorteile f\u00fcr die k\u00f6rperliche Gesundheit hat, aber eines der besten Dinge daran ist, dass es Spa\u00df macht! Deine Kinder entwickeln au\u00dferdem eine positive Einstellung zu k\u00f6rperlicher Aktivit\u00e4t. Es ist wahrscheinlicher, dass sie diese Gewohnheit beibehalten, wenn sie \u00e4lter werden und sich zu gesunden Erwachsenen entwickeln.<\/p>\t\t\t\t\t\t\t\t<\/div>\n\t\t\t\t<\/div>\n\t\t\t\t\t<\/div>\n\t\t<\/div>\n\t\t\t\t\t<\/div>\n\t\t<\/section>\n\t\t\t\t<section class=\"elementor-section elementor-top-section elementor-element elementor-element-884315f elementor-section-boxed elementor-section-height-default elementor-section-height-default\" data-id=\"884315f\" data-element_type=\"section\">\n\t\t\t\t\t\t<div class=\"elementor-container elementor-column-gap-default\">\n\t\t\t\t\t<div class=\"elementor-column elementor-col-100 elementor-top-column elementor-element elementor-element-4e6c433\" data-id=\"4e6c433\" data-element_type=\"column\">\n\t\t\t<div class=\"elementor-widget-wrap elementor-element-populated\">\n\t\t\t\t\t\t<div class=\"elementor-element elementor-element-98b2df3 elementor-widget elementor-widget-image\" data-id=\"98b2df3\" data-element_type=\"widget\" data-widget_type=\"image.default\">\n\t\t\t\t<div class=\"elementor-widget-container\">\n\t\t\t\t\t\t\t\t\t\t\t\t<figure class=\"wp-caption\">\n\t\t\t\t\t\t\t\t\t\t<img fetchpriority=\"high\" decoding=\"async\" width=\"1024\" height=\"500\" src=\"https:\/\/boxgymnasium.de\/wp-content\/uploads\/2021\/12\/106127567_3134795303276093_420912925747691664_n-1024x500.jpg\" class=\"attachment-large size-large wp-image-1474\" alt=\"G\u00fcrtelpr\u00fcfung vom 26.06.2020 Kinder &amp; Jugend Pr\u00fcfer: Wkuworld World Kickboxing and Karate Union Verbandspr\u00e4sident Klaus Nonnemacher &amp; Sensei Tom Schneider\" srcset=\"https:\/\/boxgymnasium.de\/wp-content\/uploads\/2021\/12\/106127567_3134795303276093_420912925747691664_n-1024x500.jpg 1024w, https:\/\/boxgymnasium.de\/wp-content\/uploads\/2021\/12\/106127567_3134795303276093_420912925747691664_n-300x147.jpg 300w, https:\/\/boxgymnasium.de\/wp-content\/uploads\/2021\/12\/106127567_3134795303276093_420912925747691664_n-768x375.jpg 768w, https:\/\/boxgymnasium.de\/wp-content\/uploads\/2021\/12\/106127567_3134795303276093_420912925747691664_n-1536x751.jpg 1536w, https:\/\/boxgymnasium.de\/wp-content\/uploads\/2021\/12\/106127567_3134795303276093_420912925747691664_n-2048x1001.jpg 2048w\" sizes=\"(max-width: 1024px) 100vw, 1024px\" \/>\t\t\t\t\t\t\t\t\t\t\t<figcaption class=\"widget-image-caption wp-caption-text\">G\u00fcrtelpr\u00fcfung vom 26.06.2020 Kinder &amp; Jugend\nPr\u00fcfer: Wkuworld World Kickboxing and Karate Union Verbandspr\u00e4sident Klaus Nonnemacher &amp; Sensei Tom Schneider<\/figcaption>\n\t\t\t\t\t\t\t\t\t\t<\/figure>\n\t\t\t\t\t\t\t\t\t<\/div>\n\t\t\t\t<\/div>\n\t\t\t\t\t<\/div>\n\t\t<\/div>\n\t\t\t\t\t<\/div>\n\t\t<\/section>\n\t\t\t\t<section class=\"elementor-section elementor-top-section elementor-element elementor-element-b2210f4 elementor-section-boxed elementor-section-height-default elementor-section-height-default\" data-id=\"b2210f4\" data-element_type=\"section\" data-settings=\"{&quot;background_background&quot;:&quot;classic&quot;}\">\n\t\t\t\t\t\t<div class=\"elementor-container elementor-column-gap-default\">\n\t\t\t\t\t<div class=\"elementor-column elementor-col-100 elementor-top-column elementor-element elementor-element-3b0c64b\" data-id=\"3b0c64b\" data-element_type=\"column\">\n\t\t\t<div class=\"elementor-widget-wrap elementor-element-populated\">\n\t\t\t\t\t\t<div class=\"elementor-element elementor-element-f95a44e elementor-widget elementor-widget-heading\" data-id=\"f95a44e\" data-element_type=\"widget\" data-widget_type=\"heading.default\">\n\t\t\t\t<div class=\"elementor-widget-container\">\n\t\t\t\t\t<h3 class=\"elementor-heading-title elementor-size-default\">WAS DU MITBRINGEN SOLLTEST<\/h3>\t\t\t\t<\/div>\n\t\t\t\t<\/div>\n\t\t\t\t\t<\/div>\n\t\t<\/div>\n\t\t\t\t\t<\/div>\n\t\t<\/section>\n\t\t\t\t<section class=\"elementor-section elementor-top-section elementor-element elementor-element-755b18c elementor-section-boxed elementor-section-height-default elementor-section-height-default\" data-id=\"755b18c\" data-element_type=\"section\" data-settings=\"{&quot;background_background&quot;:&quot;classic&quot;}\">\n\t\t\t\t\t\t<div class=\"elementor-container elementor-column-gap-default\">\n\t\t\t\t\t<div class=\"elementor-column elementor-col-33 elementor-top-column elementor-element elementor-element-c04944e\" data-id=\"c04944e\" data-element_type=\"column\">\n\t\t\t<div class=\"elementor-widget-wrap\">\n\t\t\t\t\t\t\t<\/div>\n\t\t<\/div>\n\t\t\t\t<div class=\"elementor-column elementor-col-33 elementor-top-column elementor-element elementor-element-3e6e0ef\" data-id=\"3e6e0ef\" data-element_type=\"column\">\n\t\t\t<div class=\"elementor-widget-wrap elementor-element-populated\">\n\t\t\t\t\t\t<div class=\"elementor-element elementor-element-27d5bfb elementor-align-left elementor-icon-list--layout-traditional elementor-list-item-link-full_width elementor-widget elementor-widget-icon-list\" data-id=\"27d5bfb\" data-element_type=\"widget\" data-widget_type=\"icon-list.default\">\n\t\t\t\t<div class=\"elementor-widget-container\">\n\t\t\t\t\t\t\t<ul class=\"elementor-icon-list-items\">\n\t\t\t\t\t\t\t<li class=\"elementor-icon-list-item\">\n\t\t\t\t\t\t\t\t\t\t\t<span class=\"elementor-icon-list-icon\">\n\t\t\t\t\t\t\t<i aria-hidden=\"true\" class=\"fas fa-check\"><\/i>\t\t\t\t\t\t<\/span>\n\t\t\t\t\t\t\t\t\t\t<span class=\"elementor-icon-list-text\">Bequeme Sportkleidung<\/span>\n\t\t\t\t\t\t\t\t\t<\/li>\n\t\t\t\t\t\t\t\t<li class=\"elementor-icon-list-item\">\n\t\t\t\t\t\t\t\t\t\t\t<span class=\"elementor-icon-list-icon\">\n\t\t\t\t\t\t\t<i aria-hidden=\"true\" class=\"fas fa-check\"><\/i>\t\t\t\t\t\t<\/span>\n\t\t\t\t\t\t\t\t\t\t<span class=\"elementor-icon-list-text\">Etwas zum Trinken (vor Ort gibt es auch Getr\u00e4nke)<\/span>\n\t\t\t\t\t\t\t\t\t<\/li>\n\t\t\t\t\t\t<\/ul>\n\t\t\t\t\t\t<\/div>\n\t\t\t\t<\/div>\n\t\t\t\t\t<\/div>\n\t\t<\/div>\n\t\t\t\t<div class=\"elementor-column elementor-col-33 elementor-top-column elementor-element elementor-element-bb3a0b4\" data-id=\"bb3a0b4\" data-element_type=\"column\">\n\t\t\t<div class=\"elementor-widget-wrap\">\n\t\t\t\t\t\t\t<\/div>\n\t\t<\/div>\n\t\t\t\t\t<\/div>\n\t\t<\/section>\n\t\t\t\t<section class=\"elementor-section elementor-top-section elementor-element elementor-element-4cb2c5f elementor-section-boxed elementor-section-height-default elementor-section-height-default\" data-id=\"4cb2c5f\" data-element_type=\"section\">\n\t\t\t\t\t\t<div class=\"elementor-container elementor-column-gap-default\">\n\t\t\t\t\t<div class=\"elementor-column elementor-col-33 elementor-top-column elementor-element elementor-element-247e654\" data-id=\"247e654\" data-element_type=\"column\">\n\t\t\t<div class=\"elementor-widget-wrap elementor-element-populated\">\n\t\t\t\t\t\t<div class=\"elementor-element elementor-element-dc569fc elementor-widget elementor-widget-image\" data-id=\"dc569fc\" data-element_type=\"widget\" data-widget_type=\"image.default\">\n\t\t\t\t<div class=\"elementor-widget-container\">\n\t\t\t\t\t\t\t\t\t\t\t\t\t\t\t<img decoding=\"async\" width=\"768\" height=\"1024\" src=\"https:\/\/boxgymnasium.de\/wp-content\/uploads\/2021\/12\/1-768x1024.jpg\" class=\"attachment-large size-large wp-image-1451\" alt=\"\" srcset=\"https:\/\/boxgymnasium.de\/wp-content\/uploads\/2021\/12\/1-768x1024.jpg 768w, https:\/\/boxgymnasium.de\/wp-content\/uploads\/2021\/12\/1-225x300.jpg 225w, https:\/\/boxgymnasium.de\/wp-content\/uploads\/2021\/12\/1-1152x1536.jpg 1152w, https:\/\/boxgymnasium.de\/wp-content\/uploads\/2021\/12\/1-1536x2048.jpg 1536w, https:\/\/boxgymnasium.de\/wp-content\/uploads\/2021\/12\/1-scaled.jpg 1920w\" sizes=\"(max-width: 768px) 100vw, 768px\" \/>\t\t\t\t\t\t\t\t\t\t\t\t\t\t\t<\/div>\n\t\t\t\t<\/div>\n\t\t\t\t\t<\/div>\n\t\t<\/div>\n\t\t\t\t<div class=\"elementor-column elementor-col-33 elementor-top-column elementor-element elementor-element-84c20ff\" data-id=\"84c20ff\" data-element_type=\"column\">\n\t\t\t<div class=\"elementor-widget-wrap elementor-element-populated\">\n\t\t\t\t\t\t<div class=\"elementor-element elementor-element-e79ab46 elementor-widget elementor-widget-image\" data-id=\"e79ab46\" data-element_type=\"widget\" data-widget_type=\"image.default\">\n\t\t\t\t<div class=\"elementor-widget-container\">\n\t\t\t\t\t\t\t\t\t\t\t\t\t\t\t<img decoding=\"async\" width=\"768\" height=\"1024\" src=\"https:\/\/boxgymnasium.de\/wp-content\/uploads\/2021\/12\/IMG_20210906_172951-768x1024.jpg\" class=\"attachment-large size-large wp-image-1452\" alt=\"\" srcset=\"https:\/\/boxgymnasium.de\/wp-content\/uploads\/2021\/12\/IMG_20210906_172951-768x1024.jpg 768w, https:\/\/boxgymnasium.de\/wp-content\/uploads\/2021\/12\/IMG_20210906_172951-225x300.jpg 225w, https:\/\/boxgymnasium.de\/wp-content\/uploads\/2021\/12\/IMG_20210906_172951-1152x1536.jpg 1152w, https:\/\/boxgymnasium.de\/wp-content\/uploads\/2021\/12\/IMG_20210906_172951-1536x2048.jpg 1536w, https:\/\/boxgymnasium.de\/wp-content\/uploads\/2021\/12\/IMG_20210906_172951-scaled.jpg 1920w\" sizes=\"(max-width: 768px) 100vw, 768px\" \/>\t\t\t\t\t\t\t\t\t\t\t\t\t\t\t<\/div>\n\t\t\t\t<\/div>\n\t\t\t\t\t<\/div>\n\t\t<\/div>\n\t\t\t\t<div class=\"elementor-column elementor-col-33 elementor-top-column elementor-element elementor-element-e9dbaf1\" data-id=\"e9dbaf1\" data-element_type=\"column\">\n\t\t\t<div class=\"elementor-widget-wrap elementor-element-populated\">\n\t\t\t\t\t\t<div class=\"elementor-element elementor-element-f4a27ae elementor-widget elementor-widget-image\" data-id=\"f4a27ae\" data-element_type=\"widget\" data-widget_type=\"image.default\">\n\t\t\t\t<div class=\"elementor-widget-container\">\n\t\t\t\t\t\t\t\t\t\t\t\t\t\t\t<img loading=\"lazy\" decoding=\"async\" width=\"768\" height=\"1024\" src=\"https:\/\/boxgymnasium.de\/wp-content\/uploads\/2021\/12\/IMG_20210923_173442-768x1024.jpg\" class=\"attachment-large size-large wp-image-1465\" alt=\"\" srcset=\"https:\/\/boxgymnasium.de\/wp-content\/uploads\/2021\/12\/IMG_20210923_173442-768x1024.jpg 768w, https:\/\/boxgymnasium.de\/wp-content\/uploads\/2021\/12\/IMG_20210923_173442-225x300.jpg 225w, https:\/\/boxgymnasium.de\/wp-content\/uploads\/2021\/12\/IMG_20210923_173442-1152x1536.jpg 1152w, https:\/\/boxgymnasium.de\/wp-content\/uploads\/2021\/12\/IMG_20210923_173442-1536x2048.jpg 1536w, https:\/\/boxgymnasium.de\/wp-content\/uploads\/2021\/12\/IMG_20210923_173442-scaled.jpg 1920w\" sizes=\"(max-width: 768px) 100vw, 768px\" \/>\t\t\t\t\t\t\t\t\t\t\t\t\t\t\t<\/div>\n\t\t\t\t<\/div>\n\t\t\t\t\t<\/div>\n\t\t<\/div>\n\t\t\t\t\t<\/div>\n\t\t<\/section>\n\t\t\t\t<section class=\"elementor-section elementor-top-section elementor-element elementor-element-9ec2a75 elementor-section-boxed elementor-section-height-default elementor-section-height-default\" data-id=\"9ec2a75\" data-element_type=\"section\">\n\t\t\t\t\t\t<div class=\"elementor-container elementor-column-gap-default\">\n\t\t\t\t\t<div class=\"elementor-column elementor-col-100 elementor-top-column elementor-element elementor-element-5d53dba\" data-id=\"5d53dba\" data-element_type=\"column\">\n\t\t\t<div class=\"elementor-widget-wrap elementor-element-populated\">\n\t\t\t\t\t\t<div class=\"elementor-element elementor-element-4be9cb1 elementor-invisible elementor-widget elementor-widget-heading\" data-id=\"4be9cb1\" data-element_type=\"widget\" data-settings=\"{&quot;_animation&quot;:&quot;zoomIn&quot;,&quot;_animation_tablet&quot;:&quot;none&quot;,&quot;_animation_mobile&quot;:&quot;none&quot;}\" data-widget_type=\"heading.default\">\n\t\t\t\t<div class=\"elementor-widget-container\">\n\t\t\t\t\t<h3 class=\"elementor-heading-title elementor-size-default\">Trainer<\/h3>\t\t\t\t<\/div>\n\t\t\t\t<\/div>\n\t\t\t\t\t<\/div>\n\t\t<\/div>\n\t\t\t\t\t<\/div>\n\t\t<\/section>\n\t\t\t\t<\/div>","protected":false},"excerpt":{"rendered":"<p>zum Probetraining Ziel von Kampfsport Ziel des Kampfsports ist es, den Kindern friedliche, gewaltfreie Konfliktl\u00f6sungsf\u00e4higkeiten zu vermitteln und ihnen zu helfen, Wege zu finden, um k\u00f6rperliche Auseinandersetzungen zu vermeiden. Kampfsport hat Kindern viel zu bieten. Sie werden aktiv und lernen, selbstbewusst, friedlich und konzentriert zu sein. Und wenn Ihr Kind es liebt, kann es bis [&hellip;]<\/p>\n","protected":false},"author":1,"featured_media":0,"parent":0,"menu_order":0,"comment_status":"closed","ping_status":"closed","template":"","meta":{"footnotes":""},"class_list":["post-899","page","type-page","status-publish","hentry"],"_links":{"self":[{"href":"https:\/\/boxgymnasium.de\/en\/wp-json\/wp\/v2\/pages\/899","targetHints":{"allow":["GET"]}}],"collection":[{"href":"https:\/\/boxgymnasium.de\/en\/wp-json\/wp\/v2\/pages"}],"about":[{"href":"https:\/\/boxgymnasium.de\/en\/wp-json\/wp\/v2\/types\/page"}],"author":[{"embeddable":true,"href":"https:\/\/boxgymnasium.de\/en\/wp-json\/wp\/v2\/users\/1"}],"replies":[{"embeddable":true,"href":"https:\/\/boxgymnasium.de\/en\/wp-json\/wp\/v2\/comments?post=899"}],"version-history":[{"count":30,"href":"https:\/\/boxgymnasium.de\/en\/wp-json\/wp\/v2\/pages\/899\/revisions"}],"predecessor-version":[{"id":3696,"href":"https:\/\/boxgymnasium.de\/en\/wp-json\/wp\/v2\/pages\/899\/revisions\/3696"}],"wp:attachment":[{"href":"https:\/\/boxgymnasium.de\/en\/wp-json\/wp\/v2\/media?parent=899"}],"curies":[{"name":"wp","href":"https:\/\/api.w.org\/{rel}","templated":true}]}}