{"id":898,"date":"2021-10-14T13:39:11","date_gmt":"2021-10-14T13:39:11","guid":{"rendered":"https:\/\/boxgymnasium.de\/?page_id=898"},"modified":"2025-08-27T09:38:52","modified_gmt":"2025-08-27T09:38:52","slug":"muay-thai-kickboxen-heidelberg","status":"publish","type":"page","link":"https:\/\/boxgymnasium.de\/en\/muay-thai-kickboxen-heidelberg\/","title":{"rendered":"Muay Thai &#038; Kickboxen Heidelberg"},"content":{"rendered":"<div data-elementor-type=\"wp-page\" data-elementor-id=\"898\" class=\"elementor elementor-898\" data-elementor-post-type=\"page\">\n\t\t\t\t\t\t<section class=\"elementor-section elementor-top-section elementor-element elementor-element-a93dff0 elementor-section-stretched elementor-section-boxed elementor-section-height-default elementor-section-height-default\" data-id=\"a93dff0\" data-element_type=\"section\" data-settings=\"{&quot;stretch_section&quot;:&quot;section-stretched&quot;}\">\n\t\t\t\t\t\t<div class=\"elementor-container elementor-column-gap-default\">\n\t\t\t\t\t<div class=\"elementor-column elementor-col-100 elementor-top-column elementor-element elementor-element-b64df44\" data-id=\"b64df44\" data-element_type=\"column\">\n\t\t\t<div class=\"elementor-widget-wrap elementor-element-populated\">\n\t\t\t\t\t\t<div class=\"elementor-element elementor-element-bd6d5a0 elementor-widget__width-inherit elementor-widget elementor-widget-image\" data-id=\"bd6d5a0\" data-element_type=\"widget\" data-widget_type=\"image.default\">\n\t\t\t\t<div class=\"elementor-widget-container\">\n\t\t\t\t\t\t\t\t\t\t\t\t\t\t\t<img fetchpriority=\"high\" decoding=\"async\" width=\"2560\" height=\"1437\" src=\"https:\/\/boxgymnasium.de\/wp-content\/uploads\/2021\/12\/IMG_1654-scaled.jpg\" class=\"attachment-full size-full wp-image-1415\" alt=\"\" srcset=\"https:\/\/boxgymnasium.de\/wp-content\/uploads\/2021\/12\/IMG_1654-scaled.jpg 2560w, https:\/\/boxgymnasium.de\/wp-content\/uploads\/2021\/12\/IMG_1654-300x168.jpg 300w, https:\/\/boxgymnasium.de\/wp-content\/uploads\/2021\/12\/IMG_1654-1024x575.jpg 1024w, https:\/\/boxgymnasium.de\/wp-content\/uploads\/2021\/12\/IMG_1654-768x431.jpg 768w, https:\/\/boxgymnasium.de\/wp-content\/uploads\/2021\/12\/IMG_1654-1536x862.jpg 1536w, https:\/\/boxgymnasium.de\/wp-content\/uploads\/2021\/12\/IMG_1654-2048x1150.jpg 2048w\" sizes=\"(max-width: 2560px) 100vw, 2560px\" \/>\t\t\t\t\t\t\t\t\t\t\t\t\t\t\t<\/div>\n\t\t\t\t<\/div>\n\t\t\t\t\t<\/div>\n\t\t<\/div>\n\t\t\t\t\t<\/div>\n\t\t<\/section>\n\t\t\t\t<section class=\"elementor-section elementor-top-section elementor-element elementor-element-02b50c2 elementor-section-boxed elementor-section-height-default elementor-section-height-default\" data-id=\"02b50c2\" data-element_type=\"section\">\n\t\t\t\t\t\t<div class=\"elementor-container elementor-column-gap-default\">\n\t\t\t\t\t<div class=\"elementor-column elementor-col-100 elementor-top-column elementor-element elementor-element-e2ba39e\" data-id=\"e2ba39e\" data-element_type=\"column\">\n\t\t\t<div class=\"elementor-widget-wrap elementor-element-populated\">\n\t\t\t\t\t\t<div class=\"elementor-element elementor-element-58a1095 elementor-widget elementor-widget-heading\" data-id=\"58a1095\" data-element_type=\"widget\" data-widget_type=\"heading.default\">\n\t\t\t\t<div class=\"elementor-widget-container\">\n\t\t\t\t\t<h1 class=\"elementor-heading-title elementor-size-default\">Muay Thai &amp;\nKickboxen \nHeidelberg<\/h1>\t\t\t\t<\/div>\n\t\t\t\t<\/div>\n\t\t\t\t<div class=\"elementor-element elementor-element-5e7af97 elementor-widget-tablet__width-initial elementor-widget elementor-widget-heading\" data-id=\"5e7af97\" data-element_type=\"widget\" data-widget_type=\"heading.default\">\n\t\t\t\t<div class=\"elementor-widget-container\">\n\t\t\t\t\t<span class=\"elementor-heading-title elementor-size-default\">Anders als im Boxen wird im Muay Thai und Kickboxen mit H\u00e4nden und F\u00fc\u00dfen geschlagen. Beim Kickboxen werden haupts\u00e4chlich lange und kurze Distanz zum Schlagen genutzt. Im Muay Thai k\u00f6nnen solche Aktionen durch einen engeren Kontakt erg\u00e4nzt werden. Auch die Kampftechniken sind anders: beim Kickboxen sind es nur H\u00e4nde und F\u00fc\u00dfe. Im Thai-Boxen geh\u00f6ren dazu: Ellbogen, Unterarm, Knie, und Unterschenkel. <\/span>\t\t\t\t<\/div>\n\t\t\t\t<\/div>\n\t\t\t\t<div class=\"elementor-element elementor-element-0074496 elementor-invisible elementor-widget elementor-widget-button\" data-id=\"0074496\" data-element_type=\"widget\" data-settings=\"{&quot;_animation&quot;:&quot;slideInUp&quot;,&quot;_animation_tablet&quot;:&quot;none&quot;,&quot;_animation_mobile&quot;:&quot;none&quot;}\" data-widget_type=\"button.default\">\n\t\t\t\t<div class=\"elementor-widget-container\">\n\t\t\t\t\t\t\t\t\t<div class=\"elementor-button-wrapper\">\n\t\t\t\t\t<a class=\"elementor-button elementor-button-link elementor-size-sm\" href=\"https:\/\/boxgymnasium.de\/en\/start-3\/\">\n\t\t\t\t\t\t<span class=\"elementor-button-content-wrapper\">\n\t\t\t\t\t\t<span class=\"elementor-button-icon\">\n\t\t\t\t<i aria-hidden=\"true\" class=\"vamtamtheme- vamtam-theme-arrow-right\"><\/i>\t\t\t<\/span>\n\t\t\t\t\t\t\t\t\t<span class=\"elementor-button-text\">zum Probetraining<\/span>\n\t\t\t\t\t<\/span>\n\t\t\t\t\t<\/a>\n\t\t\t\t<\/div>\n\t\t\t\t\t\t\t\t<\/div>\n\t\t\t\t<\/div>\n\t\t\t\t\t<\/div>\n\t\t<\/div>\n\t\t\t\t\t<\/div>\n\t\t<\/section>\n\t\t\t\t<\/div>","protected":false},"excerpt":{"rendered":"<p>Muay Thai &amp; Kickboxen Heidelberg Anders als im Boxen wird im Muay Thai und Kickboxen mit H\u00e4nden und F\u00fc\u00dfen geschlagen. Beim Kickboxen werden haupts\u00e4chlich lange und kurze Distanz zum Schlagen genutzt. Im Muay Thai k\u00f6nnen solche Aktionen durch einen engeren Kontakt erg\u00e4nzt werden. Auch die Kampftechniken sind anders: beim Kickboxen sind es nur H\u00e4nde und [&hellip;]<\/p>\n","protected":false},"author":1,"featured_media":0,"parent":0,"menu_order":0,"comment_status":"closed","ping_status":"closed","template":"","meta":{"footnotes":""},"class_list":["post-898","page","type-page","status-publish","hentry"],"_links":{"self":[{"href":"https:\/\/boxgymnasium.de\/en\/wp-json\/wp\/v2\/pages\/898","targetHints":{"allow":["GET"]}}],"collection":[{"href":"https:\/\/boxgymnasium.de\/en\/wp-json\/wp\/v2\/pages"}],"about":[{"href":"https:\/\/boxgymnasium.de\/en\/wp-json\/wp\/v2\/types\/page"}],"author":[{"embeddable":true,"href":"https:\/\/boxgymnasium.de\/en\/wp-json\/wp\/v2\/users\/1"}],"replies":[{"embeddable":true,"href":"https:\/\/boxgymnasium.de\/en\/wp-json\/wp\/v2\/comments?post=898"}],"version-history":[{"count":25,"href":"https:\/\/boxgymnasium.de\/en\/wp-json\/wp\/v2\/pages\/898\/revisions"}],"predecessor-version":[{"id":3699,"href":"https:\/\/boxgymnasium.de\/en\/wp-json\/wp\/v2\/pages\/898\/revisions\/3699"}],"wp:attachment":[{"href":"https:\/\/boxgymnasium.de\/en\/wp-json\/wp\/v2\/media?parent=898"}],"curies":[{"name":"wp","href":"https:\/\/api.w.org\/{rel}","templated":true}]}}