{"id":620,"date":"2021-09-09T16:25:23","date_gmt":"2021-09-09T16:25:23","guid":{"rendered":"https:\/\/boxgymnasium.de\/?page_id=620"},"modified":"2025-07-28T10:55:28","modified_gmt":"2025-07-28T10:55:28","slug":"blog","status":"publish","type":"page","link":"https:\/\/boxgymnasium.de\/en\/blog\/","title":{"rendered":"Blog"},"content":{"rendered":"<div data-elementor-type=\"wp-page\" data-elementor-id=\"620\" class=\"elementor elementor-620\" data-elementor-post-type=\"page\">\n\t\t\t\t\t\t<section class=\"elementor-section elementor-top-section elementor-element elementor-element-15b55a26 elementor-section-boxed elementor-section-height-default elementor-section-height-default\" data-id=\"15b55a26\" data-element_type=\"section\">\n\t\t\t\t\t\t<div class=\"elementor-container elementor-column-gap-no\">\n\t\t\t\t\t<div class=\"elementor-column elementor-col-100 elementor-top-column elementor-element elementor-element-1c0e6c45\" data-id=\"1c0e6c45\" data-element_type=\"column\">\n\t\t\t<div class=\"elementor-widget-wrap elementor-element-populated\">\n\t\t\t\t\t\t\t<\/div>\n\t\t<\/div>\n\t\t\t\t\t<\/div>\n\t\t<\/section>\n\t\t\t\t<section class=\"elementor-section elementor-top-section elementor-element elementor-element-41754d1e elementor-section-boxed elementor-section-height-default elementor-section-height-default\" data-id=\"41754d1e\" data-element_type=\"section\">\n\t\t\t\t\t\t<div class=\"elementor-container elementor-column-gap-no\">\n\t\t\t\t\t<div class=\"elementor-column elementor-col-100 elementor-top-column elementor-element elementor-element-62c70ee\" data-id=\"62c70ee\" data-element_type=\"column\">\n\t\t\t<div class=\"elementor-widget-wrap elementor-element-populated\">\n\t\t\t\t\t\t<div class=\"elementor-element elementor-element-55e7073 elementor-widget elementor-widget-heading\" data-id=\"55e7073\" data-element_type=\"widget\" data-widget_type=\"heading.default\">\n\t\t\t\t<div class=\"elementor-widget-container\">\n\t\t\t\t\t<h2 class=\"elementor-heading-title elementor-size-default\">Unser Blog <\/h2>\t\t\t\t<\/div>\n\t\t\t\t<\/div>\n\t\t\t\t<div class=\"elementor-element elementor-element-9c1d0bc elementor-grid-3 elementor-grid-tablet-2 elementor-grid-mobile-1 elementor-posts--thumbnail-top elementor-widget elementor-widget-posts\" data-id=\"9c1d0bc\" data-element_type=\"widget\" data-settings=\"{&quot;classic_columns&quot;:&quot;3&quot;,&quot;classic_columns_tablet&quot;:&quot;2&quot;,&quot;classic_columns_mobile&quot;:&quot;1&quot;,&quot;classic_row_gap&quot;:{&quot;unit&quot;:&quot;px&quot;,&quot;size&quot;:35,&quot;sizes&quot;:[]},&quot;classic_row_gap_tablet&quot;:{&quot;unit&quot;:&quot;px&quot;,&quot;size&quot;:&quot;&quot;,&quot;sizes&quot;:[]},&quot;classic_row_gap_mobile&quot;:{&quot;unit&quot;:&quot;px&quot;,&quot;size&quot;:&quot;&quot;,&quot;sizes&quot;:[]}}\" data-widget_type=\"posts.classic\">\n\t\t\t\t<div class=\"elementor-widget-container\">\n\t\t\t\t\t\t\t<div class=\"elementor-posts-container elementor-posts elementor-posts--skin-classic elementor-grid\">\n\t\t\t\t<article class=\"elementor-post elementor-grid-item post-2519 post type-post status-publish format-standard has-post-thumbnail hentry category-kampfsport tag-kampfsport tag-vorteile-des-kampfsports\">\n\t\t\t\t<a class=\"elementor-post__thumbnail__link\" href=\"https:\/\/boxgymnasium.de\/en\/3-gruende-warum-kampfsport-wichtig-ist\/\" tabindex=\"-1\" >\n\t\t\t<div class=\"elementor-post__thumbnail\"><img fetchpriority=\"high\" decoding=\"async\" width=\"300\" height=\"300\" src=\"https:\/\/boxgymnasium.de\/wp-content\/uploads\/2023\/10\/lewis-und-Tom-300x300.jpeg\" class=\"attachment-medium size-medium wp-image-2520\" alt=\"\" srcset=\"https:\/\/boxgymnasium.de\/wp-content\/uploads\/2023\/10\/lewis-und-Tom-300x300.jpeg 300w, https:\/\/boxgymnasium.de\/wp-content\/uploads\/2023\/10\/lewis-und-Tom-1024x1024.jpeg 1024w, https:\/\/boxgymnasium.de\/wp-content\/uploads\/2023\/10\/lewis-und-Tom-150x150.jpeg 150w, https:\/\/boxgymnasium.de\/wp-content\/uploads\/2023\/10\/lewis-und-Tom-768x768.jpeg 768w, https:\/\/boxgymnasium.de\/wp-content\/uploads\/2023\/10\/lewis-und-Tom-1536x1536.jpeg 1536w, https:\/\/boxgymnasium.de\/wp-content\/uploads\/2023\/10\/lewis-und-Tom-12x12.jpeg 12w, https:\/\/boxgymnasium.de\/wp-content\/uploads\/2023\/10\/lewis-und-Tom-700x700.jpeg 700w, https:\/\/boxgymnasium.de\/wp-content\/uploads\/2023\/10\/lewis-und-Tom.jpeg 1596w\" sizes=\"(max-width: 300px) 100vw, 300px\" \/><\/div>\n\t\t<\/a>\n\t\t\t\t<div class=\"elementor-post__text\">\n\t\t\t\t<h3 class=\"elementor-post__title\">\n\t\t\t<a href=\"https:\/\/boxgymnasium.de\/en\/3-gruende-warum-kampfsport-wichtig-ist\/\" >\n\t\t\t\t3 Gr\u00fcnde warum Kampfsport wichtig ist!\t\t\t<\/a>\n\t\t<\/h3>\n\t\t\t\t<div class=\"elementor-post__meta-data\">\n\t\t\t\t\t<span class=\"elementor-post-date\">\n\t\t\tOctober 6, 2023\t\t<\/span>\n\t\t\t\t<span class=\"elementor-post-avatar\">\n\t\t\t8 Comments\t\t<\/span>\n\t\t\t\t<\/div>\n\t\t\t\t<div class=\"elementor-post__excerpt\">\n\t\t\t<p>Selbstbeherrschung im Kampfsport bedeutet auch emotionale Kontrolle. W\u00e4hrend eines Kampfes oder Trainings k\u00f6nnen starke Emotionen wie Wut oder Angst auftreten. Sch\u00fcler lernen, diese Emotionen zu beherrschen und in positive Energie umzuwandeln, anstatt sich von ihnen \u00fcberw\u00e4ltigen zu lassen.<\/p>\n\t\t<\/div>\n\t\t\n\t\t<a class=\"elementor-post__read-more\" href=\"https:\/\/boxgymnasium.de\/en\/3-gruende-warum-kampfsport-wichtig-ist\/\" aria-label=\"Read more about 3 Gr\u00fcnde warum Kampfsport wichtig ist!\" tabindex=\"-1\" >\n\t\t\tWeiterlesen \u00bb\t\t<\/a>\n\n\t\t\t\t<\/div>\n\t\t\t\t<\/article>\n\t\t\t\t<article class=\"elementor-post elementor-grid-item post-2498 post type-post status-publish format-standard has-post-thumbnail hentry category-boxen tag-boxen tag-boxen-heidelberg tag-boxen-in-heidelberg\">\n\t\t\t\t<a class=\"elementor-post__thumbnail__link\" href=\"https:\/\/boxgymnasium.de\/en\/durchschlagskraft-boxen-in-heidelberg\/\" tabindex=\"-1\" >\n\t\t\t<div class=\"elementor-post__thumbnail\"><img decoding=\"async\" width=\"300\" height=\"168\" src=\"https:\/\/boxgymnasium.de\/wp-content\/uploads\/2023\/09\/IMG_7871-300x168.jpg\" class=\"attachment-medium size-medium wp-image-2499\" alt=\"Boxen in Heidelberg\" srcset=\"https:\/\/boxgymnasium.de\/wp-content\/uploads\/2023\/09\/IMG_7871-300x168.jpg 300w, https:\/\/boxgymnasium.de\/wp-content\/uploads\/2023\/09\/IMG_7871-1024x574.jpg 1024w, https:\/\/boxgymnasium.de\/wp-content\/uploads\/2023\/09\/IMG_7871-768x431.jpg 768w, https:\/\/boxgymnasium.de\/wp-content\/uploads\/2023\/09\/IMG_7871-1536x862.jpg 1536w, https:\/\/boxgymnasium.de\/wp-content\/uploads\/2023\/09\/IMG_7871-2048x1149.jpg 2048w, https:\/\/boxgymnasium.de\/wp-content\/uploads\/2023\/09\/IMG_7871-18x10.jpg 18w\" sizes=\"(max-width: 300px) 100vw, 300px\" \/><\/div>\n\t\t<\/a>\n\t\t\t\t<div class=\"elementor-post__text\">\n\t\t\t\t<h3 class=\"elementor-post__title\">\n\t\t\t<a href=\"https:\/\/boxgymnasium.de\/en\/durchschlagskraft-boxen-in-heidelberg\/\" >\n\t\t\t\t<strong>Durchschlagskraft: Boxen in Heidelberg<\/strong>\t\t\t<\/a>\n\t\t<\/h3>\n\t\t\t\t<div class=\"elementor-post__meta-data\">\n\t\t\t\t\t<span class=\"elementor-post-date\">\n\t\t\tSeptember 14, 2023\t\t<\/span>\n\t\t\t\t<span class=\"elementor-post-avatar\">\n\t\t\t6 Comments\t\t<\/span>\n\t\t\t\t<\/div>\n\t\t\t\t<div class=\"elementor-post__excerpt\">\n\t\t\t<p>Boxen ist ein vielseitiger Sport, der je nach Herkunft und Tradition des Landes unterschiedliche Stile hervorgebracht hat. Ob man die Pr\u00e4zision des russischen Boxens, die Kraft des amerikanischen Boxens, die Ausdauer des mexikanischen Boxens oder die Eleganz des kubanischen Boxens bevorzugt, der Boxsport bietet f\u00fcr jeden Geschmack etwas.<\/p>\n\t\t<\/div>\n\t\t\n\t\t<a class=\"elementor-post__read-more\" href=\"https:\/\/boxgymnasium.de\/en\/durchschlagskraft-boxen-in-heidelberg\/\" aria-label=\"Read more about &lt;strong&gt;Durchschlagskraft: Boxen in Heidelberg&lt;\/strong&gt;\" tabindex=\"-1\" >\n\t\t\tWeiterlesen \u00bb\t\t<\/a>\n\n\t\t\t\t<\/div>\n\t\t\t\t<\/article>\n\t\t\t\t<article class=\"elementor-post elementor-grid-item post-2432 post type-post status-publish format-standard has-post-thumbnail hentry category-kampfsport category-kickboxen tag-muay-thai\">\n\t\t\t\t<a class=\"elementor-post__thumbnail__link\" href=\"https:\/\/boxgymnasium.de\/en\/muay-thai-staerke-disziplin\/\" tabindex=\"-1\" >\n\t\t\t<div class=\"elementor-post__thumbnail\"><img decoding=\"async\" width=\"248\" height=\"300\" src=\"https:\/\/boxgymnasium.de\/wp-content\/uploads\/2023\/09\/289073568_429927422315208_6956513537060929658_n-1-248x300.jpg\" class=\"attachment-medium size-medium wp-image-2434\" alt=\"\" srcset=\"https:\/\/boxgymnasium.de\/wp-content\/uploads\/2023\/09\/289073568_429927422315208_6956513537060929658_n-1-248x300.jpg 248w, https:\/\/boxgymnasium.de\/wp-content\/uploads\/2023\/09\/289073568_429927422315208_6956513537060929658_n-1-846x1024.jpg 846w, https:\/\/boxgymnasium.de\/wp-content\/uploads\/2023\/09\/289073568_429927422315208_6956513537060929658_n-1-768x930.jpg 768w, https:\/\/boxgymnasium.de\/wp-content\/uploads\/2023\/09\/289073568_429927422315208_6956513537060929658_n-1-10x12.jpg 10w, https:\/\/boxgymnasium.de\/wp-content\/uploads\/2023\/09\/289073568_429927422315208_6956513537060929658_n-1.jpg 892w\" sizes=\"(max-width: 248px) 100vw, 248px\" \/><\/div>\n\t\t<\/a>\n\t\t\t\t<div class=\"elementor-post__text\">\n\t\t\t\t<h3 class=\"elementor-post__title\">\n\t\t\t<a href=\"https:\/\/boxgymnasium.de\/en\/muay-thai-staerke-disziplin\/\" >\n\t\t\t\tMuay Thai: St\u00e4rke &#038; Disziplin\t\t\t<\/a>\n\t\t<\/h3>\n\t\t\t\t<div class=\"elementor-post__meta-data\">\n\t\t\t\t\t<span class=\"elementor-post-date\">\n\t\t\tSeptember 4, 2023\t\t<\/span>\n\t\t\t\t<span class=\"elementor-post-avatar\">\n\t\t\t5 Comments\t\t<\/span>\n\t\t\t\t<\/div>\n\t\t\t\t<div class=\"elementor-post__excerpt\">\n\t\t\t<p>Zusammenfassend l\u00e4sst sich sagen, dass Muay Thai weit mehr als nur ein Kampfsport ist. Es ist eine Tradition, die die thail\u00e4ndische Kultur widerspiegelt und wichtige Werte wie Respekt, Disziplin und St\u00e4rke vermittelt. Muay Thai bietet nicht nur k\u00f6rperliche Fitness, sondern auch geistige Entwicklung und die F\u00e4higkeit, den Herausforderungen des Lebens mit mehr Selbstvertrauen und Entschlossenheit zu begegnen. Es ist eine Kampfkunst, die nicht nur im Ring, sondern auch im t\u00e4glichen Leben eine tiefe Bedeutung hat.<\/p>\n\t\t<\/div>\n\t\t\n\t\t<a class=\"elementor-post__read-more\" href=\"https:\/\/boxgymnasium.de\/en\/muay-thai-staerke-disziplin\/\" aria-label=\"Read more about Muay Thai: St\u00e4rke &#038; Disziplin\" tabindex=\"-1\" >\n\t\t\tWeiterlesen \u00bb\t\t<\/a>\n\n\t\t\t\t<\/div>\n\t\t\t\t<\/article>\n\t\t\t\t<article class=\"elementor-post elementor-grid-item post-2407 post type-post status-publish format-standard has-post-thumbnail hentry category-boxen category-kampfsport category-kickboxen tag-selbstverteidigung\">\n\t\t\t\t<a class=\"elementor-post__thumbnail__link\" href=\"https:\/\/boxgymnasium.de\/en\/unverwundbar-selbstverteidigung-durch-kampfsport\/\" tabindex=\"-1\" >\n\t\t\t<div class=\"elementor-post__thumbnail\"><img loading=\"lazy\" decoding=\"async\" width=\"300\" height=\"168\" src=\"https:\/\/boxgymnasium.de\/wp-content\/uploads\/2023\/08\/IMG_8500-300x168.png\" class=\"attachment-medium size-medium wp-image-2478\" alt=\"\" srcset=\"https:\/\/boxgymnasium.de\/wp-content\/uploads\/2023\/08\/IMG_8500-300x168.png 300w, https:\/\/boxgymnasium.de\/wp-content\/uploads\/2023\/08\/IMG_8500-1024x574.png 1024w, https:\/\/boxgymnasium.de\/wp-content\/uploads\/2023\/08\/IMG_8500-768x431.png 768w, https:\/\/boxgymnasium.de\/wp-content\/uploads\/2023\/08\/IMG_8500-1536x862.png 1536w, https:\/\/boxgymnasium.de\/wp-content\/uploads\/2023\/08\/IMG_8500-2048x1149.png 2048w, https:\/\/boxgymnasium.de\/wp-content\/uploads\/2023\/08\/IMG_8500-18x10.png 18w\" sizes=\"(max-width: 300px) 100vw, 300px\" \/><\/div>\n\t\t<\/a>\n\t\t\t\t<div class=\"elementor-post__text\">\n\t\t\t\t<h3 class=\"elementor-post__title\">\n\t\t\t<a href=\"https:\/\/boxgymnasium.de\/en\/unverwundbar-selbstverteidigung-durch-kampfsport\/\" >\n\t\t\t\tUnverwundbar : Selbstverteidigung durch Kampfsport\t\t\t<\/a>\n\t\t<\/h3>\n\t\t\t\t<div class=\"elementor-post__meta-data\">\n\t\t\t\t\t<span class=\"elementor-post-date\">\n\t\t\tAugust 28, 2023\t\t<\/span>\n\t\t\t\t<span class=\"elementor-post-avatar\">\n\t\t\t3 Comments\t\t<\/span>\n\t\t\t\t<\/div>\n\t\t\t\t<div class=\"elementor-post__excerpt\">\n\t\t\t<p>Unter den verschiedenen M\u00f6glichkeiten, Selbstverteidigung zu erlernen, hat sich der Kampfsport als der effektivste Weg erwiesen. Kampfsportarten bieten nicht nur die notwendigen Techniken zur Abwehr von Angriffen, sondern auch eine ganzheitliche Entwicklung von K\u00f6rper und Geist.<\/p>\n\t\t<\/div>\n\t\t\n\t\t<a class=\"elementor-post__read-more\" href=\"https:\/\/boxgymnasium.de\/en\/unverwundbar-selbstverteidigung-durch-kampfsport\/\" aria-label=\"Read more about Unverwundbar : Selbstverteidigung durch Kampfsport\" tabindex=\"-1\" >\n\t\t\tWeiterlesen \u00bb\t\t<\/a>\n\n\t\t\t\t<\/div>\n\t\t\t\t<\/article>\n\t\t\t\t<article class=\"elementor-post elementor-grid-item post-613 post type-post status-publish format-standard has-post-thumbnail hentry category-boxen category-kampfsport tag-boxen tag-frauen-im-kampfsport\">\n\t\t\t\t<a class=\"elementor-post__thumbnail__link\" href=\"https:\/\/boxgymnasium.de\/en\/warum-frauen-definitiv-boxen-sollten\/\" tabindex=\"-1\" >\n\t\t\t<div class=\"elementor-post__thumbnail\"><img loading=\"lazy\" decoding=\"async\" width=\"200\" height=\"300\" src=\"https:\/\/boxgymnasium.de\/wp-content\/uploads\/2021\/10\/WhatsApp-Image-2021-09-11-at-4.59.07-PM-200x300.jpeg\" class=\"attachment-medium size-medium wp-image-888\" alt=\"boxgymnasium-frau-boxen-abs-\" srcset=\"https:\/\/boxgymnasium.de\/wp-content\/uploads\/2021\/10\/WhatsApp-Image-2021-09-11-at-4.59.07-PM-200x300.jpeg 200w, https:\/\/boxgymnasium.de\/wp-content\/uploads\/2021\/10\/WhatsApp-Image-2021-09-11-at-4.59.07-PM.jpeg 683w\" sizes=\"(max-width: 200px) 100vw, 200px\" \/><\/div>\n\t\t<\/a>\n\t\t\t\t<div class=\"elementor-post__text\">\n\t\t\t\t<h3 class=\"elementor-post__title\">\n\t\t\t<a href=\"https:\/\/boxgymnasium.de\/en\/warum-frauen-definitiv-boxen-sollten\/\" >\n\t\t\t\tWarum Frauen definitiv boxen sollten\t\t\t<\/a>\n\t\t<\/h3>\n\t\t\t\t<div class=\"elementor-post__meta-data\">\n\t\t\t\t\t<span class=\"elementor-post-date\">\n\t\t\tAugust 22, 2023\t\t<\/span>\n\t\t\t\t<span class=\"elementor-post-avatar\">\n\t\t\t5 Comments\t\t<\/span>\n\t\t\t\t<\/div>\n\t\t\t\t<div class=\"elementor-post__excerpt\">\n\t\t\t<p>Wenn junge M\u00e4dchen sehen, wie Frauen im Boxring erfolgreich sind, erleben sie aus erster Hand<br \/>\ndie unbegrenzten M\u00f6glichkeiten, die vor ihnen liegen.Boxerinnen werden zu Vorbildern und<br \/>\nzeigen, dass Erfolg nicht an ein Geschlecht gebunden ist.<\/p>\n\t\t<\/div>\n\t\t\n\t\t<a class=\"elementor-post__read-more\" href=\"https:\/\/boxgymnasium.de\/en\/warum-frauen-definitiv-boxen-sollten\/\" aria-label=\"Read more about Warum Frauen definitiv boxen sollten\" tabindex=\"-1\" >\n\t\t\tWeiterlesen \u00bb\t\t<\/a>\n\n\t\t\t\t<\/div>\n\t\t\t\t<\/article>\n\t\t\t\t<article class=\"elementor-post elementor-grid-item post-2342 post type-post status-publish format-standard has-post-thumbnail hentry category-kampfsport category-trainingscamp tag-kampfsport tag-muay-thai tag-portugal tag-surfen tag-trainingscamp tag-trainingslager\">\n\t\t\t\t<a class=\"elementor-post__thumbnail__link\" href=\"https:\/\/boxgymnasium.de\/en\/trainingscamp-in-portugal-2023\/\" tabindex=\"-1\" >\n\t\t\t<div class=\"elementor-post__thumbnail\"><img loading=\"lazy\" decoding=\"async\" width=\"225\" height=\"300\" src=\"https:\/\/boxgymnasium.de\/wp-content\/uploads\/2023\/08\/Strandbild-225x300.jpg\" class=\"attachment-medium size-medium wp-image-2347\" alt=\"\" srcset=\"https:\/\/boxgymnasium.de\/wp-content\/uploads\/2023\/08\/Strandbild-225x300.jpg 225w, https:\/\/boxgymnasium.de\/wp-content\/uploads\/2023\/08\/Strandbild-768x1024.jpg 768w, https:\/\/boxgymnasium.de\/wp-content\/uploads\/2023\/08\/Strandbild-1152x1536.jpg 1152w, https:\/\/boxgymnasium.de\/wp-content\/uploads\/2023\/08\/Strandbild-9x12.jpg 9w, https:\/\/boxgymnasium.de\/wp-content\/uploads\/2023\/08\/Strandbild.jpg 1536w\" sizes=\"(max-width: 225px) 100vw, 225px\" \/><\/div>\n\t\t<\/a>\n\t\t\t\t<div class=\"elementor-post__text\">\n\t\t\t\t<h3 class=\"elementor-post__title\">\n\t\t\t<a href=\"https:\/\/boxgymnasium.de\/en\/trainingscamp-in-portugal-2023\/\" >\n\t\t\t\tTrainingscamp in Portugal 2023\t\t\t<\/a>\n\t\t<\/h3>\n\t\t\t\t<div class=\"elementor-post__meta-data\">\n\t\t\t\t\t<span class=\"elementor-post-date\">\n\t\t\tAugust 18, 2023\t\t<\/span>\n\t\t\t\t<span class=\"elementor-post-avatar\">\n\t\t\t15 Comments\t\t<\/span>\n\t\t\t\t<\/div>\n\t\t\t\t<div class=\"elementor-post__excerpt\">\n\t\t\t<p>Tagesablauf in Peniche Am 04.08. begann unser Trainingscamp in Portugal. Voller Vorfreude sind unsere Mitglieder nach Portugal gereist, ob mit Auto oder Flugzeug.Manche nutzen diese<\/p>\n\t\t<\/div>\n\t\t\n\t\t<a class=\"elementor-post__read-more\" href=\"https:\/\/boxgymnasium.de\/en\/trainingscamp-in-portugal-2023\/\" aria-label=\"Read more about Trainingscamp in Portugal 2023\" tabindex=\"-1\" >\n\t\t\tWeiterlesen \u00bb\t\t<\/a>\n\n\t\t\t\t<\/div>\n\t\t\t\t<\/article>\n\t\t\t\t<\/div>\n\t\t\n\t\t\t\t\t\t<\/div>\n\t\t\t\t<\/div>\n\t\t\t\t\t<\/div>\n\t\t<\/div>\n\t\t\t\t\t<\/div>\n\t\t<\/section>\n\t\t\t\t<section class=\"elementor-section elementor-top-section elementor-element elementor-element-56a2aa01 elementor-section-boxed elementor-section-height-default elementor-section-height-default\" data-id=\"56a2aa01\" data-element_type=\"section\">\n\t\t\t\t\t\t<div class=\"elementor-container elementor-column-gap-no\">\n\t\t\t\t\t<div class=\"elementor-column elementor-col-100 elementor-top-column elementor-element elementor-element-674451e7\" data-id=\"674451e7\" data-element_type=\"column\">\n\t\t\t<div class=\"elementor-widget-wrap elementor-element-populated\">\n\t\t\t\t\t\t\t<\/div>\n\t\t<\/div>\n\t\t\t\t\t<\/div>\n\t\t<\/section>\n\t\t\t\t<\/div>","protected":false},"excerpt":{"rendered":"<p>Unser Blog<\/p>","protected":false},"author":1,"featured_media":0,"parent":0,"menu_order":0,"comment_status":"closed","ping_status":"closed","template":"","meta":{"footnotes":""},"class_list":["post-620","page","type-page","status-publish","hentry"],"_links":{"self":[{"href":"https:\/\/boxgymnasium.de\/en\/wp-json\/wp\/v2\/pages\/620","targetHints":{"allow":["GET"]}}],"collection":[{"href":"https:\/\/boxgymnasium.de\/en\/wp-json\/wp\/v2\/pages"}],"about":[{"href":"https:\/\/boxgymnasium.de\/en\/wp-json\/wp\/v2\/types\/page"}],"author":[{"embeddable":true,"href":"https:\/\/boxgymnasium.de\/en\/wp-json\/wp\/v2\/users\/1"}],"replies":[{"embeddable":true,"href":"https:\/\/boxgymnasium.de\/en\/wp-json\/wp\/v2\/comments?post=620"}],"version-history":[{"count":12,"href":"https:\/\/boxgymnasium.de\/en\/wp-json\/wp\/v2\/pages\/620\/revisions"}],"predecessor-version":[{"id":3666,"href":"https:\/\/boxgymnasium.de\/en\/wp-json\/wp\/v2\/pages\/620\/revisions\/3666"}],"wp:attachment":[{"href":"https:\/\/boxgymnasium.de\/en\/wp-json\/wp\/v2\/media?parent=620"}],"curies":[{"name":"wp","href":"https:\/\/api.w.org\/{rel}","templated":true}]}}