{"id":405,"date":"2021-09-01T13:35:49","date_gmt":"2021-09-01T13:35:49","guid":{"rendered":"https:\/\/boxgymnasium.de\/?page_id=405"},"modified":"2025-01-21T15:41:27","modified_gmt":"2025-01-21T15:41:27","slug":"personal-training-2","status":"publish","type":"page","link":"https:\/\/boxgymnasium.de\/en\/personal-training-2\/","title":{"rendered":"Probetraining"},"content":{"rendered":"<div data-elementor-type=\"wp-page\" data-elementor-id=\"405\" class=\"elementor elementor-405\" data-elementor-post-type=\"page\">\n\t\t\t\t\t\t<section class=\"elementor-section elementor-top-section elementor-element elementor-element-aaeee86 elementor-section-items-stretch elementor-section-height-min-height elementor-section-boxed elementor-section-height-default\" data-id=\"aaeee86\" data-element_type=\"section\">\n\t\t\t\t\t\t<div class=\"elementor-container elementor-column-gap-default\">\n\t\t\t\t\t<div class=\"elementor-column elementor-col-100 elementor-top-column elementor-element elementor-element-4fc5056\" data-id=\"4fc5056\" data-element_type=\"column\" data-settings=\"{&quot;background_background&quot;:&quot;classic&quot;,&quot;animation&quot;:&quot;none&quot;}\">\n\t\t\t<div class=\"elementor-widget-wrap elementor-element-populated\">\n\t\t\t\t\t\t<div class=\"elementor-element elementor-element-9d41ecf elementor-invisible elementor-widget elementor-widget-heading\" data-id=\"9d41ecf\" data-element_type=\"widget\" data-settings=\"{&quot;_animation&quot;:&quot;pulse&quot;,&quot;_animation_tablet&quot;:&quot;none&quot;,&quot;_animation_mobile&quot;:&quot;none&quot;,&quot;_animation_delay&quot;:200}\" data-widget_type=\"heading.default\">\n\t\t\t\t<div class=\"elementor-widget-container\">\n\t\t\t\t\t<h3 class=\"elementor-heading-title elementor-size-default\">unverbindlich und einfach -<\/h3>\t\t\t\t<\/div>\n\t\t\t\t<\/div>\n\t\t\t\t<div class=\"elementor-element elementor-element-24db2de elementor-invisible elementor-widget elementor-widget-heading\" data-id=\"24db2de\" data-element_type=\"widget\" data-settings=\"{&quot;_animation&quot;:&quot;zoomIn&quot;,&quot;_animation_tablet&quot;:&quot;none&quot;,&quot;_animation_mobile&quot;:&quot;none&quot;,&quot;_animation_delay&quot;:400}\" data-widget_type=\"heading.default\">\n\t\t\t\t<div class=\"elementor-widget-container\">\n\t\t\t\t\t<h1 class=\"elementor-heading-title elementor-size-default\">DEINE erste stunde<\/h1>\t\t\t\t<\/div>\n\t\t\t\t<\/div>\n\t\t\t\t<div class=\"elementor-element elementor-element-6cb6ed3 elementor-widget elementor-widget-spacer\" data-id=\"6cb6ed3\" data-element_type=\"widget\" data-widget_type=\"spacer.default\">\n\t\t\t\t<div class=\"elementor-widget-container\">\n\t\t\t\t\t\t\t<div class=\"elementor-spacer\">\n\t\t\t<div class=\"elementor-spacer-inner\"><\/div>\n\t\t<\/div>\n\t\t\t\t\t\t<\/div>\n\t\t\t\t<\/div>\n\t\t\t\t\t<\/div>\n\t\t<\/div>\n\t\t\t\t\t<\/div>\n\t\t<\/section>\n\t\t\t\t<section class=\"elementor-section elementor-top-section elementor-element elementor-element-cf3407b elementor-section-full_width elementor-section-stretched elementor-section-height-default elementor-section-height-default\" data-id=\"cf3407b\" data-element_type=\"section\" data-settings=\"{&quot;stretch_section&quot;:&quot;section-stretched&quot;}\">\n\t\t\t\t\t\t<div class=\"elementor-container elementor-column-gap-default\">\n\t\t\t\t\t<div class=\"elementor-column elementor-col-100 elementor-top-column elementor-element elementor-element-6740e47\" data-id=\"6740e47\" data-element_type=\"column\">\n\t\t\t<div class=\"elementor-widget-wrap elementor-element-populated\">\n\t\t\t\t\t\t<div class=\"elementor-element elementor-element-32209cd elementor-widget elementor-widget-text-editor\" data-id=\"32209cd\" data-element_type=\"widget\" data-widget_type=\"text-editor.default\">\n\t\t\t\t<div class=\"elementor-widget-container\">\n\t\t\t\t\t\t\t\t\t<p>Wenn Du aktiv und gesund leben willst, sowohl k\u00f6rperlich als auch geistig, bieten wir Dir die besten Voraussetzungen. Mach es Dir einfach und trainiere Deinen ganzen K\u00f6rper bei der Teilnahme an unseren Kursen. In unserer modernen Halle inklusive Kraftraum und Trainingsger\u00e4ten bieten sich zahlreiche M\u00f6glichkeiten. Ob Wettkampftraining, Selbstbewusstsein st\u00e4rken, allgemeine Fitness treiben &#8211; wir unterst\u00fctzen Dich bei all deinen Zielen. Dar\u00fcber hinaus steht dir unser Trainerteam auch f\u00fcr pers\u00f6nliche Trainingseinheiten zur Verf\u00fcgung.<\/p><p>Du bist noch nicht ganz \u00fcberzeugt, dass Kampfsport die richtige Sportart f\u00fcr dich oder deine Kinder ist? Kein Problem &#8211; melde dich heute an f\u00fcr ein Probetraining in dem Angebot, dass dich am meisten begeistert.\u00a0<\/p>\t\t\t\t\t\t\t\t<\/div>\n\t\t\t\t<\/div>\n\t\t\t\t<div class=\"elementor-element elementor-element-f4a132d elementor-align-center elementor-button-success animated-slow elementor-invisible elementor-widget elementor-widget-button\" data-id=\"f4a132d\" data-element_type=\"widget\" data-settings=\"{&quot;_animation&quot;:&quot;pulse&quot;}\" data-widget_type=\"button.default\">\n\t\t\t\t<div class=\"elementor-widget-container\">\n\t\t\t\t\t\t\t\t\t<div class=\"elementor-button-wrapper\">\n\t\t\t\t\t<a class=\"elementor-button elementor-button-link elementor-size-xl\" href=\"https:\/\/boxgymnasium.de\/en\/?page_id=2078&#038;preview=true\">\n\t\t\t\t\t\t<span class=\"elementor-button-content-wrapper\">\n\t\t\t\t\t\t<span class=\"elementor-button-icon\">\n\t\t\t\t<i aria-hidden=\"true\" class=\"far fa-arrow-alt-circle-right\"><\/i>\t\t\t<\/span>\n\t\t\t\t\t\t\t\t\t<span class=\"elementor-button-text\">Hier geht\u00b4s zum Probetraining<\/span>\n\t\t\t\t\t<\/span>\n\t\t\t\t\t<\/a>\n\t\t\t\t<\/div>\n\t\t\t\t\t\t\t\t<\/div>\n\t\t\t\t<\/div>\n\t\t\t\t<div class=\"elementor-element elementor-element-df4fd39 elementor-widget elementor-widget-text-editor\" data-id=\"df4fd39\" data-element_type=\"widget\" data-widget_type=\"text-editor.default\">\n\t\t\t\t<div class=\"elementor-widget-container\">\n\t\t\t\t\t\t\t\t\t<p>Liebe Kunden,<\/p><p>wir m\u00f6chten Sie dar\u00fcber informieren, dass bei der <strong>Anmeldung f\u00fcr ein Probetraining<\/strong> eine <strong>Geb\u00fchr von 15 \u20ac vor Ort<\/strong> zu entrichten ist.<\/p><p>Diese Geb\u00fchr wird bei einer anschlie\u00dfenden Anmeldung auf die Mitgliedschaft angerechnet.<\/p><p>Bei Fragen stehen wir Ihnen jederzeit gerne zur Verf\u00fcgung.<\/p><p>Vielen Dank f\u00fcr Ihr Verst\u00e4ndnis und wir freuen uns darauf, Sie bald bei uns begr\u00fc\u00dfen zu d\u00fcrfen!<\/p>\t\t\t\t\t\t\t\t<\/div>\n\t\t\t\t<\/div>\n\t\t\t\t<div class=\"elementor-element elementor-element-296b136 elementor-widget elementor-widget-image\" data-id=\"296b136\" data-element_type=\"widget\" data-widget_type=\"image.default\">\n\t\t\t\t<div class=\"elementor-widget-container\">\n\t\t\t\t\t\t\t\t\t\t\t\t\t\t\t<img fetchpriority=\"high\" decoding=\"async\" width=\"1024\" height=\"683\" src=\"https:\/\/boxgymnasium.de\/wp-content\/uploads\/2021\/09\/Kurse-fuer-Frauen.jpeg\" class=\"attachment-full size-full wp-image-639\" alt=\"\" srcset=\"https:\/\/boxgymnasium.de\/wp-content\/uploads\/2021\/09\/Kurse-fuer-Frauen.jpeg 1024w, https:\/\/boxgymnasium.de\/wp-content\/uploads\/2021\/09\/Kurse-fuer-Frauen-300x200.jpeg 300w, https:\/\/boxgymnasium.de\/wp-content\/uploads\/2021\/09\/Kurse-fuer-Frauen-768x512.jpeg 768w\" sizes=\"(max-width: 1024px) 100vw, 1024px\" \/>\t\t\t\t\t\t\t\t\t\t\t\t\t\t\t<\/div>\n\t\t\t\t<\/div>\n\t\t\t\t<div class=\"elementor-element elementor-element-a0d9362 elementor-align-center elementor-button-success animated-slow elementor-invisible elementor-widget elementor-widget-button\" data-id=\"a0d9362\" data-element_type=\"widget\" data-settings=\"{&quot;_animation&quot;:&quot;pulse&quot;}\" data-widget_type=\"button.default\">\n\t\t\t\t<div class=\"elementor-widget-container\">\n\t\t\t\t\t\t\t\t\t<div class=\"elementor-button-wrapper\">\n\t\t\t\t\t<a class=\"elementor-button elementor-button-link elementor-size-xl\" href=\"https:\/\/boxgymnasium.de\/en\/?page_id=2078&#038;preview=true\">\n\t\t\t\t\t\t<span class=\"elementor-button-content-wrapper\">\n\t\t\t\t\t\t<span class=\"elementor-button-icon\">\n\t\t\t\t<i aria-hidden=\"true\" class=\"far fa-arrow-alt-circle-right\"><\/i>\t\t\t<\/span>\n\t\t\t\t\t\t\t\t\t<span class=\"elementor-button-text\">Hier geht\u00b4s zum Probetraining<\/span>\n\t\t\t\t\t<\/span>\n\t\t\t\t\t<\/a>\n\t\t\t\t<\/div>\n\t\t\t\t\t\t\t\t<\/div>\n\t\t\t\t<\/div>\n\t\t\t\t\t<\/div>\n\t\t<\/div>\n\t\t\t\t\t<\/div>\n\t\t<\/section>\n\t\t\t\t<\/div>","protected":false},"excerpt":{"rendered":"<p>unverbindlich und einfach &#8211; DEINE erste stunde Wenn Du aktiv und gesund leben willst, sowohl k\u00f6rperlich als auch geistig, bieten wir Dir die besten Voraussetzungen. Mach es Dir einfach und trainiere Deinen ganzen K\u00f6rper bei der Teilnahme an unseren Kursen. In unserer modernen Halle inklusive Kraftraum und Trainingsger\u00e4ten bieten sich zahlreiche M\u00f6glichkeiten. Ob Wettkampftraining, Selbstbewusstsein [&hellip;]<\/p>\n","protected":false},"author":1,"featured_media":0,"parent":0,"menu_order":0,"comment_status":"closed","ping_status":"closed","template":"","meta":{"footnotes":""},"class_list":["post-405","page","type-page","status-publish","hentry"],"_links":{"self":[{"href":"https:\/\/boxgymnasium.de\/en\/wp-json\/wp\/v2\/pages\/405","targetHints":{"allow":["GET"]}}],"collection":[{"href":"https:\/\/boxgymnasium.de\/en\/wp-json\/wp\/v2\/pages"}],"about":[{"href":"https:\/\/boxgymnasium.de\/en\/wp-json\/wp\/v2\/types\/page"}],"author":[{"embeddable":true,"href":"https:\/\/boxgymnasium.de\/en\/wp-json\/wp\/v2\/users\/1"}],"replies":[{"embeddable":true,"href":"https:\/\/boxgymnasium.de\/en\/wp-json\/wp\/v2\/comments?post=405"}],"version-history":[{"count":57,"href":"https:\/\/boxgymnasium.de\/en\/wp-json\/wp\/v2\/pages\/405\/revisions"}],"predecessor-version":[{"id":3439,"href":"https:\/\/boxgymnasium.de\/en\/wp-json\/wp\/v2\/pages\/405\/revisions\/3439"}],"wp:attachment":[{"href":"https:\/\/boxgymnasium.de\/en\/wp-json\/wp\/v2\/media?parent=405"}],"curies":[{"name":"wp","href":"https:\/\/api.w.org\/{rel}","templated":true}]}}