{"id":2078,"date":"2022-10-14T18:00:55","date_gmt":"2022-10-14T18:00:55","guid":{"rendered":"https:\/\/boxgymnasium.de\/?page_id=2078"},"modified":"2025-04-29T07:52:59","modified_gmt":"2025-04-29T07:52:59","slug":"start-3","status":"publish","type":"page","link":"https:\/\/boxgymnasium.de\/en\/start-3\/","title":{"rendered":"Probetraining unverbindlich buchen"},"content":{"rendered":"\t\t<div data-elementor-type=\"wp-page\" data-elementor-id=\"2078\" class=\"elementor elementor-2078\" data-elementor-post-type=\"page\">\n\t\t\t\t\t\t<section class=\"elementor-section elementor-top-section elementor-element elementor-element-0791f71 elementor-section-boxed elementor-section-height-default elementor-section-height-default\" data-id=\"0791f71\" data-element_type=\"section\">\n\t\t\t\t\t\t<div class=\"elementor-container elementor-column-gap-default\">\n\t\t\t\t\t<div class=\"elementor-column elementor-col-100 elementor-top-column elementor-element elementor-element-8c3a340\" data-id=\"8c3a340\" data-element_type=\"column\">\n\t\t\t<div class=\"elementor-widget-wrap elementor-element-populated\">\n\t\t\t\t\t\t<div class=\"elementor-element elementor-element-5c8b957 elementor-widget elementor-widget-text-editor\" data-id=\"5c8b957\" data-element_type=\"widget\" data-widget_type=\"text-editor.default\">\n\t\t\t\t<div class=\"elementor-widget-container\">\n\t\t\t\t\t\t\t\t\t<h5>\u00a0<\/h5><h5>Wichtig: Solltest du minderj\u00e4hrig sein, und deine Eltern begleiten dich nicht zum Probetraining ben\u00f6tigen wir eine schriftliche Enverst\u00e4ndniserkl\u00e4rung von einem deiner Erziehungsberechtigten, damit du problemlos am Probetraining teilnehmen darfst.<\/h5><h5>Bei einer Anmeldung zum Probetraining f\u00fcr den heutigen Tag bitte anrufen!<\/h5>\t\t\t\t\t\t\t\t<\/div>\n\t\t\t\t<\/div>\n\t\t\t\t<div class=\"elementor-element elementor-element-0aace8f elementor-widget elementor-widget-html\" data-id=\"0aace8f\" data-element_type=\"widget\" data-widget_type=\"html.default\">\n\t\t\t\t<div class=\"elementor-widget-container\">\n\t\t\t\t\t<body>\n    <center>\n    <iframe src=\"https:\/\/ext.matool.de\/ptformdyn\/?hash=1d2c212806d02560&amp;\" id=\"probeForm\" scrolling=\"no\" frameborder=\"0\" style=\"width:100%;max-width:800px;\" height=\"1390px\"><\/iframe><div style=\"border-top:1px solid grey;border-color:currentColor;color:grey;mix-blend-mode:difference;padding-top:5px;padding-bottom:20px;padding-right:5px;width:100%;max-width:800px;text-align:right\"><a href=\"https:\/\/www.matool.de\" style=\"text-decoration:none;color:grey;mix-blend-mode:difference;font-family:Helvetica,Arial,sans-serif;font-size:x-small;\" target=\"_blank\" rel=\"noopener\">made by MATOOL<\/a><\/div><script type=\"text\/javascript\">\/*<![CDATA[*\/function mm(){var n=25;var h=10;var k=0;var d=document.getElementById('probeForm');var f;var b=window.addEventListener?'addEventListener':'attachEvent';var c=window[b];var o=b=='attachEvent'?'onmessage':'message';c(o,function(e){if(e.data===parseInt(e.data)){if(e.data==99999999){var g=function(m,l){var s=document.scrollingElement||document.documentElement,q=s.scrollTop,p=m-q,r=+new Date(),a=function(v,u,x,w){v\/=w\/2;if(v<1){return x\/2*v*v+u}v--;return -x\/2*(v*(v-2)-1)+u},i=function(){var v=+new Date();var t=v-r;s.scrollTop=parseInt(a(t,q,p,l));if(t<l){requestAnimationFrame(i)}else{s.scrollTop=m}};i()};g(d.getBoundingClientRect().top+document.documentElement.scrollTop-(Math.max(document.documentElement.clientHeight,window.innerHeight||0)\/2),500)}else{f=e.data}}},false);var j=window.setInterval(function(){var a=d.offsetHeight;k=Math.round((f-a)\/h);k=Math.abs(k);if(k<1){k=0}if(f>0&&f!=a){if((f-a)>0){d.height=(a+k)+'px'}else{d.height=(a-k)+'px'}}},n)}mm();\/*]]>*\/<\/script>\n    <\/center>\n<\/body>    \t\t\t\t<\/div>\n\t\t\t\t<\/div>\n\t\t\t\t\t<\/div>\n\t\t<\/div>\n\t\t\t\t\t<\/div>\n\t\t<\/section>\n\t\t\t\t<\/div>\n\t\t","protected":false},"excerpt":{"rendered":"<p>\u00a0 Wichtig: Solltest du minderj\u00e4hrig sein, und deine Eltern begleiten dich nicht zum Probetraining ben\u00f6tigen wir eine schriftliche Enverst\u00e4ndniserkl\u00e4rung von einem deiner Erziehungsberechtigten, damit du problemlos am Probetraining teilnehmen darfst. Bei einer Anmeldung zum Probetraining f\u00fcr den heutigen Tag bitte anrufen! made by MATOOL<\/p>","protected":false},"author":1,"featured_media":0,"parent":0,"menu_order":0,"comment_status":"closed","ping_status":"closed","template":"","meta":{"footnotes":""},"class_list":["post-2078","page","type-page","status-publish","hentry"],"_links":{"self":[{"href":"https:\/\/boxgymnasium.de\/en\/wp-json\/wp\/v2\/pages\/2078","targetHints":{"allow":["GET"]}}],"collection":[{"href":"https:\/\/boxgymnasium.de\/en\/wp-json\/wp\/v2\/pages"}],"about":[{"href":"https:\/\/boxgymnasium.de\/en\/wp-json\/wp\/v2\/types\/page"}],"author":[{"embeddable":true,"href":"https:\/\/boxgymnasium.de\/en\/wp-json\/wp\/v2\/users\/1"}],"replies":[{"embeddable":true,"href":"https:\/\/boxgymnasium.de\/en\/wp-json\/wp\/v2\/comments?post=2078"}],"version-history":[{"count":14,"href":"https:\/\/boxgymnasium.de\/en\/wp-json\/wp\/v2\/pages\/2078\/revisions"}],"predecessor-version":[{"id":3565,"href":"https:\/\/boxgymnasium.de\/en\/wp-json\/wp\/v2\/pages\/2078\/revisions\/3565"}],"wp:attachment":[{"href":"https:\/\/boxgymnasium.de\/en\/wp-json\/wp\/v2\/media?parent=2078"}],"curies":[{"name":"wp","href":"https:\/\/api.w.org\/{rel}","templated":true}]}}